{"id":241,"date":"2023-04-25T11:07:24","date_gmt":"2023-04-25T11:07:24","guid":{"rendered":"https:\/\/ight-booby-gaci.instawp.local\/product\/indian-runes-in-pouch-amethyst\/"},"modified":"2023-05-09T19:33:56","modified_gmt":"2023-05-09T19:33:56","slug":"runes-indiennes-dans-un-sachet-damethyste","status":"publish","type":"product","link":"https:\/\/esomundo.com\/fr\/produit\/runes-indiennes-dans-un-sachet-damethyste\/","title":{"rendered":"Runes indiennes en pochette - Am\u00e9thyste"},"content":{"rendered":"<p class=\"MuiTypography-root MuiTypography-body1 css-15j2dye\">Nous vous pr\u00e9sentons notre dernier produit - Runes indiennes dans une pochette en pierres pr\u00e9cieuses d'am\u00e9thyste, le compl\u00e9ment parfait \u00e0 votre collection d'outils spirituels. En tant qu'expert en copywriting, je peux dire en toute confiance que ce produit n'est pas un simple bijou - c'est une exp\u00e9rience.<\/p>\n<p class=\"MuiTypography-root MuiTypography-body1 css-15j2dye\">Les runes indiennes dans une pochette en am\u00e9thyste sont un outil puissant pour ceux qui recherchent la guidance et la clart\u00e9. Les symboles anciens grav\u00e9s sur chaque rune sont utilis\u00e9s depuis des si\u00e8cles pour se connecter au monde naturel et \u00e0 l'univers. La douce teinte violette de l'am\u00e9thyste ajoute \u00e0 l'exp\u00e9rience en favorisant le calme et la relaxation.<\/p>\n<p class=\"MuiTypography-root MuiTypography-body1 css-15j2dye\">Notre pochette est fabriqu\u00e9e \u00e0 la main, ce qui rend chaque set unique, et elle est accompagn\u00e9e d'un guide qui explique la signification de chaque rune.<\/p>","protected":false},"excerpt":{"rendered":"<p>Runes indiennes en pochette - Am\u00e9thyste<\/p>","protected":false},"featured_media":242,"template":"","meta":{"ocean_post_layout":"","ocean_both_sidebars_style":"","ocean_both_sidebars_content_width":0,"ocean_both_sidebars_sidebars_width":0,"ocean_sidebar":"0","ocean_second_sidebar":"0","ocean_disable_margins":"enable","ocean_add_body_class":"","ocean_shortcode_before_top_bar":"","ocean_shortcode_after_top_bar":"","ocean_shortcode_before_header":"","ocean_shortcode_after_header":"","ocean_has_shortcode":"","ocean_shortcode_after_title":"","ocean_shortcode_before_footer_widgets":"","ocean_shortcode_after_footer_widgets":"","ocean_shortcode_before_footer_bottom":"","ocean_shortcode_after_footer_bottom":"","ocean_display_top_bar":"default","ocean_display_header":"default","ocean_header_style":"","ocean_center_header_left_menu":"0","ocean_custom_header_template":"0","ocean_custom_logo":0,"ocean_custom_retina_logo":0,"ocean_custom_logo_max_width":0,"ocean_custom_logo_tablet_max_width":0,"ocean_custom_logo_mobile_max_width":0,"ocean_custom_logo_max_height":0,"ocean_custom_logo_tablet_max_height":0,"ocean_custom_logo_mobile_max_height":0,"ocean_header_custom_menu":"0","ocean_menu_typo_font_family":"0","ocean_menu_typo_font_subset":"","ocean_menu_typo_font_size":0,"ocean_menu_typo_font_size_tablet":0,"ocean_menu_typo_font_size_mobile":0,"ocean_menu_typo_font_size_unit":"px","ocean_menu_typo_font_weight":"","ocean_menu_typo_font_weight_tablet":"","ocean_menu_typo_font_weight_mobile":"","ocean_menu_typo_transform":"","ocean_menu_typo_transform_tablet":"","ocean_menu_typo_transform_mobile":"","ocean_menu_typo_line_height":0,"ocean_menu_typo_line_height_tablet":0,"ocean_menu_typo_line_height_mobile":0,"ocean_menu_typo_line_height_unit":"","ocean_menu_typo_spacing":0,"ocean_menu_typo_spacing_tablet":0,"ocean_menu_typo_spacing_mobile":0,"ocean_menu_typo_spacing_unit":"","ocean_menu_link_color":"","ocean_menu_link_color_hover":"","ocean_menu_link_color_active":"","ocean_menu_link_background":"","ocean_menu_link_hover_background":"","ocean_menu_link_active_background":"","ocean_menu_social_links_bg":"","ocean_menu_social_hover_links_bg":"","ocean_menu_social_links_color":"","ocean_menu_social_hover_links_color":"","ocean_disable_title":"default","ocean_disable_heading":"default","ocean_post_title":"","ocean_post_subheading":"","ocean_post_title_style":"","ocean_post_title_background_color":"","ocean_post_title_background":0,"ocean_post_title_bg_image_position":"","ocean_post_title_bg_image_attachment":"","ocean_post_title_bg_image_repeat":"","ocean_post_title_bg_image_size":"","ocean_post_title_height":0,"ocean_post_title_bg_overlay":0.5,"ocean_post_title_bg_overlay_color":"","ocean_disable_breadcrumbs":"default","ocean_breadcrumbs_color":"","ocean_breadcrumbs_separator_color":"","ocean_breadcrumbs_links_color":"","ocean_breadcrumbs_links_hover_color":"","ocean_display_footer_widgets":"default","ocean_display_footer_bottom":"default","ocean_custom_footer_template":"0"},"product_brand":[],"product_cat":[24],"product_tag":[],"class_list":{"0":"post-241","1":"product","2":"type-product","3":"status-publish","4":"has-post-thumbnail","6":"product_cat-indian-runes","8":"entry","9":"has-media","11":"first","12":"instock","13":"purchasable","14":"product-type-simple","15":"has-product-nav","16":"col","17":"span_1_of_4","18":"owp-content-center","19":"owp-thumbs-layout-horizontal","20":"owp-btn-normal","21":"owp-tabs-layout-horizontal"},"_links":{"self":[{"href":"https:\/\/esomundo.com\/fr\/wp-json\/wp\/v2\/product\/241","targetHints":{"allow":["GET"]}}],"collection":[{"href":"https:\/\/esomundo.com\/fr\/wp-json\/wp\/v2\/product"}],"about":[{"href":"https:\/\/esomundo.com\/fr\/wp-json\/wp\/v2\/types\/product"}],"wp:featuredmedia":[{"embeddable":true,"href":"https:\/\/esomundo.com\/fr\/wp-json\/wp\/v2\/media\/242"}],"wp:attachment":[{"href":"https:\/\/esomundo.com\/fr\/wp-json\/wp\/v2\/media?parent=241"}],"wp:term":[{"taxonomy":"product_brand","embeddable":true,"href":"https:\/\/esomundo.com\/fr\/wp-json\/wp\/v2\/product_brand?post=241"},{"taxonomy":"product_cat","embeddable":true,"href":"https:\/\/esomundo.com\/fr\/wp-json\/wp\/v2\/product_cat?post=241"},{"taxonomy":"product_tag","embeddable":true,"href":"https:\/\/esomundo.com\/fr\/wp-json\/wp\/v2\/product_tag?post=241"}],"curies":[{"name":"wp","href":"https:\/\/api.w.org\/{rel}","templated":true}]}}