{"id":5605,"date":"2023-05-01T00:08:15","date_gmt":"2023-05-01T00:08:15","guid":{"rendered":"https:\/\/esomundo.com\/product\/quality-usb-natural-salt-lamp-11-5-cm-multicolored-light\/"},"modified":"2025-07-05T17:15:23","modified_gmt":"2025-07-05T17:15:23","slug":"lampe-de-sel-naturel-usb-de-qualite-11-5-cm","status":"publish","type":"product","link":"https:\/\/esomundo.com\/fr\/produit\/lampe-de-sel-naturel-usb-de-qualite-11-5-cm\/","title":{"rendered":"Lampe de sel naturel 11,5 cm USB avec \u00e9clairage multicolore - Am\u00e9liorez votre espace"},"content":{"rendered":"<p>Illuminez votre espace avec la lueur enchanteresse de notre lampe de sel naturel, mesurant 11,5 cm et dot\u00e9e d'une connexion USB pratique. Fabriqu\u00e9e \u00e0 partir de sel authentique de l'Himalaya, chaque lampe est unique, mettant en valeur la beaut\u00e9 naturelle et les variations des cristaux de sel.<\/p>\n<p>Caract\u00e9ristiques :<br \/>\n- \u00c9clairage multicolore : Passez d'une teinte apaisante \u00e0 une autre en toute occasion - du bleu apaisant \u00e0 l'orange chaud - pour cr\u00e9er une ambiance parfaite.<br \/>\n- Aliment\u00e9 par USB : Se connecte aux ordinateurs, aux banques d'alimentation ou \u00e0 n'importe quelle prise USB pour une utilisation facile \u00e0 la maison, au bureau ou en voyage.<br \/>\n- Purificateur d'air naturel : Les cristaux de sel chauff\u00e9s lib\u00e8rent des ions n\u00e9gatifs qui neutralisent les polluants et les allerg\u00e8nes pour des espaces de vie plus sains.<br \/>\n- Qualit\u00e9 artisanale : Chaque lampe est sculpt\u00e9e \u00e0 la main dans du sel de l'Himalaya de premi\u00e8re qualit\u00e9, ce qui ajoute de l'\u00e9l\u00e9gance et de l'authenticit\u00e9 \u00e0 votre d\u00e9cor.<\/p>\n<p>Avantages :<br \/>\n- Am\u00e9liore l'humeur et le bien-\u00eatre : La lumi\u00e8re chaude et ambiante de la lampe de sel cr\u00e9e un environnement serein, id\u00e9al pour la m\u00e9ditation, la relaxation ou la d\u00e9tente apr\u00e8s une longue journ\u00e9e. Les couleurs apaisantes peuvent contribuer \u00e0 r\u00e9duire le stress et \u00e0 am\u00e9liorer l'humeur g\u00e9n\u00e9rale.<br \/>\n- D\u00e9cor polyvalent : Gr\u00e2ce \u00e0 sa taille compacte et \u00e0 son design \u00e9l\u00e9gant, cette lampe s'int\u00e8gre parfaitement dans n'importe quelle pi\u00e8ce, de la chambre \u00e0 coucher au salon, en passant par le bureau, ou m\u00eame comme veilleuse pour les enfants. Son attrait esth\u00e9tique en fait un excellent cadeau pour les amis et la famille.<br \/>\n- Choix \u00e9cologique : Fabriqu\u00e9e \u00e0 partir de mat\u00e9riaux naturels, cette lampe est une alternative \u00e9cologique aux options d'\u00e9clairage traditionnelles, vous permettant d'\u00e9clairer votre espace de mani\u00e8re durable.<\/p>\n<p>Proposition de valeur :<br \/>\nInvestir dans notre lampe \u00e0 sel naturel, c'est non seulement am\u00e9liorer l'esth\u00e9tique de votre maison, mais c'est aussi contribuer \u00e0 un environnement de vie plus sain. Avec son design unique, ses caract\u00e9ristiques multifonctionnelles et les bienfaits apaisants du sel de l'Himalaya, cette lampe est plus qu'une simple source de lumi\u00e8re ; c'est un choix de style de vie qui favorise le bien-\u00eatre et la tranquillit\u00e9. Transformez votre espace d\u00e8s aujourd'hui avec la lueur captivante de notre lampe \u00e0 sel naturelle et d\u00e9couvrez la diff\u00e9rence qu'elle fait dans votre vie quotidienne.<\/p>","protected":false},"excerpt":{"rendered":"<p>La Natural Salt Lamp est une lampe compacte de 11,5 cm aliment\u00e9e par USB et dot\u00e9e d'un \u00e9clairage multicolore, ce qui en fait un compl\u00e9ment polyvalent pour n'importe quel espace. Ses principales caract\u00e9ristiques sont sa structure en sel naturel de l'Himalaya, connu pour ses propri\u00e9t\u00e9s de purification de l'air, et la possibilit\u00e9 de passer d'une couleur \u00e0 l'autre pour cr\u00e9er une ambiance apaisante. Parmi les avantages, citons l'am\u00e9lioration de la qualit\u00e9 de l'air, l'am\u00e9lioration de l'humeur et un attrait esth\u00e9tique unique qui compl\u00e8te la d\u00e9coration de la maison. Sa connectivit\u00e9 USB permet de l'utiliser facilement dans de nombreux environnements, tels que les bureaux, les chambres \u00e0 coucher ou les salons. Les avantages uniques de la lampe sont ses bienfaits pour la sant\u00e9, ses options d'\u00e9clairage personnalisables et son design \u00e9l\u00e9gant, ce qui en fait un cadeau id\u00e9al ou un accessoire de bien-\u00eatre personnel.<\/p>","protected":false},"featured_media":5550,"template":"","meta":{"ocean_post_layout":"","ocean_both_sidebars_style":"","ocean_both_sidebars_content_width":0,"ocean_both_sidebars_sidebars_width":0,"ocean_sidebar":"0","ocean_second_sidebar":"0","ocean_disable_margins":"enable","ocean_add_body_class":"","ocean_shortcode_before_top_bar":"","ocean_shortcode_after_top_bar":"","ocean_shortcode_before_header":"","ocean_shortcode_after_header":"","ocean_has_shortcode":"","ocean_shortcode_after_title":"","ocean_shortcode_before_footer_widgets":"","ocean_shortcode_after_footer_widgets":"","ocean_shortcode_before_footer_bottom":"","ocean_shortcode_after_footer_bottom":"","ocean_display_top_bar":"default","ocean_display_header":"default","ocean_header_style":"","ocean_center_header_left_menu":"0","ocean_custom_header_template":"0","ocean_custom_logo":0,"ocean_custom_retina_logo":0,"ocean_custom_logo_max_width":0,"ocean_custom_logo_tablet_max_width":0,"ocean_custom_logo_mobile_max_width":0,"ocean_custom_logo_max_height":0,"ocean_custom_logo_tablet_max_height":0,"ocean_custom_logo_mobile_max_height":0,"ocean_header_custom_menu":"0","ocean_menu_typo_font_family":"0","ocean_menu_typo_font_subset":"","ocean_menu_typo_font_size":0,"ocean_menu_typo_font_size_tablet":0,"ocean_menu_typo_font_size_mobile":0,"ocean_menu_typo_font_size_unit":"px","ocean_menu_typo_font_weight":"","ocean_menu_typo_font_weight_tablet":"","ocean_menu_typo_font_weight_mobile":"","ocean_menu_typo_transform":"","ocean_menu_typo_transform_tablet":"","ocean_menu_typo_transform_mobile":"","ocean_menu_typo_line_height":0,"ocean_menu_typo_line_height_tablet":0,"ocean_menu_typo_line_height_mobile":0,"ocean_menu_typo_line_height_unit":"","ocean_menu_typo_spacing":0,"ocean_menu_typo_spacing_tablet":0,"ocean_menu_typo_spacing_mobile":0,"ocean_menu_typo_spacing_unit":"","ocean_menu_link_color":"","ocean_menu_link_color_hover":"","ocean_menu_link_color_active":"","ocean_menu_link_background":"","ocean_menu_link_hover_background":"","ocean_menu_link_active_background":"","ocean_menu_social_links_bg":"","ocean_menu_social_hover_links_bg":"","ocean_menu_social_links_color":"","ocean_menu_social_hover_links_color":"","ocean_disable_title":"default","ocean_disable_heading":"default","ocean_post_title":"","ocean_post_subheading":"","ocean_post_title_style":"","ocean_post_title_background_color":"","ocean_post_title_background":0,"ocean_post_title_bg_image_position":"","ocean_post_title_bg_image_attachment":"","ocean_post_title_bg_image_repeat":"","ocean_post_title_bg_image_size":"","ocean_post_title_height":0,"ocean_post_title_bg_overlay":0.5,"ocean_post_title_bg_overlay_color":"","ocean_disable_breadcrumbs":"default","ocean_breadcrumbs_color":"","ocean_breadcrumbs_separator_color":"","ocean_breadcrumbs_links_color":"","ocean_breadcrumbs_links_hover_color":"","ocean_display_footer_widgets":"default","ocean_display_footer_bottom":"default","ocean_custom_footer_template":"0"},"product_brand":[],"product_cat":[159],"product_tag":[],"class_list":{"0":"post-5605","1":"product","2":"type-product","3":"status-publish","4":"has-post-thumbnail","6":"product_cat-himalayan-lamps","8":"entry","9":"has-media","11":"first","12":"instock","13":"sale","14":"purchasable","15":"product-type-simple","16":"has-product-nav","17":"col","18":"span_1_of_4","19":"owp-content-center","20":"owp-thumbs-layout-horizontal","21":"owp-btn-normal","22":"owp-tabs-layout-horizontal"},"_links":{"self":[{"href":"https:\/\/esomundo.com\/fr\/wp-json\/wp\/v2\/product\/5605","targetHints":{"allow":["GET"]}}],"collection":[{"href":"https:\/\/esomundo.com\/fr\/wp-json\/wp\/v2\/product"}],"about":[{"href":"https:\/\/esomundo.com\/fr\/wp-json\/wp\/v2\/types\/product"}],"wp:featuredmedia":[{"embeddable":true,"href":"https:\/\/esomundo.com\/fr\/wp-json\/wp\/v2\/media\/5550"}],"wp:attachment":[{"href":"https:\/\/esomundo.com\/fr\/wp-json\/wp\/v2\/media?parent=5605"}],"wp:term":[{"taxonomy":"product_brand","embeddable":true,"href":"https:\/\/esomundo.com\/fr\/wp-json\/wp\/v2\/product_brand?post=5605"},{"taxonomy":"product_cat","embeddable":true,"href":"https:\/\/esomundo.com\/fr\/wp-json\/wp\/v2\/product_cat?post=5605"},{"taxonomy":"product_tag","embeddable":true,"href":"https:\/\/esomundo.com\/fr\/wp-json\/wp\/v2\/product_tag?post=5605"}],"curies":[{"name":"wp","href":"https:\/\/api.w.org\/{rel}","templated":true}]}}