{"id":5612,"date":"2023-05-01T00:08:27","date_gmt":"2023-05-01T00:08:27","guid":{"rendered":"https:\/\/esomundo.com\/product\/salt-lamp-egg-wooden-base\/"},"modified":"2024-10-03T18:17:49","modified_gmt":"2024-10-03T18:17:49","slug":"lampe-saliere-oeuf-base-en-bois","status":"publish","type":"product","link":"https:\/\/esomundo.com\/fr\/produit\/lampe-saliere-oeuf-base-en-bois\/","title":{"rendered":"Lampe de sel Oeuf - Base en bois, \u00e9clairage d\u00e9coratif parfait pour la maison, le bureau et la chambre \u00e0 coucher"},"content":{"rendered":"<p>Cette lampe de sel \u0152uf - Base en bois est le moyen id\u00e9al d'apporter une atmosph\u00e8re terreuse et paisible \u00e0 votre maison.<\/p>\n<p>Fabriqu\u00e9e \u00e0 partir de sel naturel de l'Himalaya, cette lampe pr\u00e9sente un \u00e9l\u00e9gant design en forme d'\u0153uf qui repose sur un socle en bois. Sa chaude lueur rose-orange cr\u00e9e une atmosph\u00e8re apaisante qui vous permet de vous d\u00e9tendre et de vous ressourcer.<\/p>\n<p>La lampe a une belle texture naturelle qui ajoute de l'int\u00e9r\u00eat visuel et de la chaleur \u00e0 votre espace. Elle contribue \u00e9galement \u00e0 am\u00e9liorer la qualit\u00e9 de l'air en lib\u00e9rant des ions n\u00e9gatifs dans l'air pour lutter contre la poussi\u00e8re, les pollens et autres polluants atmosph\u00e9riques.<\/p>\n<p>Placez cette lampe dans votre chambre, votre salon ou votre bureau pour cr\u00e9er un environnement paisible, et profitez des avantages d'une meilleure qualit\u00e9 de l'air et d'une atmosph\u00e8re plus d\u00e9tendue.<\/p>","protected":false},"excerpt":{"rendered":"<p>Lampe de Sel Oeuf - Base en bois, \u00e9clairage d\u00e9coratif parfait pour la maison, le bureau et la chambre \u00e0 coucher. Aromath\u00e9rapie, purification de l'air et r\u00e9duction du stress.<\/p>","protected":false},"featured_media":5613,"template":"","meta":{"ocean_post_layout":"","ocean_both_sidebars_style":"","ocean_both_sidebars_content_width":0,"ocean_both_sidebars_sidebars_width":0,"ocean_sidebar":"0","ocean_second_sidebar":"0","ocean_disable_margins":"enable","ocean_add_body_class":"","ocean_shortcode_before_top_bar":"","ocean_shortcode_after_top_bar":"","ocean_shortcode_before_header":"","ocean_shortcode_after_header":"","ocean_has_shortcode":"","ocean_shortcode_after_title":"","ocean_shortcode_before_footer_widgets":"","ocean_shortcode_after_footer_widgets":"","ocean_shortcode_before_footer_bottom":"","ocean_shortcode_after_footer_bottom":"","ocean_display_top_bar":"default","ocean_display_header":"default","ocean_header_style":"","ocean_center_header_left_menu":"0","ocean_custom_header_template":"0","ocean_custom_logo":0,"ocean_custom_retina_logo":0,"ocean_custom_logo_max_width":0,"ocean_custom_logo_tablet_max_width":0,"ocean_custom_logo_mobile_max_width":0,"ocean_custom_logo_max_height":0,"ocean_custom_logo_tablet_max_height":0,"ocean_custom_logo_mobile_max_height":0,"ocean_header_custom_menu":"0","ocean_menu_typo_font_family":"0","ocean_menu_typo_font_subset":"","ocean_menu_typo_font_size":0,"ocean_menu_typo_font_size_tablet":0,"ocean_menu_typo_font_size_mobile":0,"ocean_menu_typo_font_size_unit":"px","ocean_menu_typo_font_weight":"","ocean_menu_typo_font_weight_tablet":"","ocean_menu_typo_font_weight_mobile":"","ocean_menu_typo_transform":"","ocean_menu_typo_transform_tablet":"","ocean_menu_typo_transform_mobile":"","ocean_menu_typo_line_height":0,"ocean_menu_typo_line_height_tablet":0,"ocean_menu_typo_line_height_mobile":0,"ocean_menu_typo_line_height_unit":"","ocean_menu_typo_spacing":0,"ocean_menu_typo_spacing_tablet":0,"ocean_menu_typo_spacing_mobile":0,"ocean_menu_typo_spacing_unit":"","ocean_menu_link_color":"","ocean_menu_link_color_hover":"","ocean_menu_link_color_active":"","ocean_menu_link_background":"","ocean_menu_link_hover_background":"","ocean_menu_link_active_background":"","ocean_menu_social_links_bg":"","ocean_menu_social_hover_links_bg":"","ocean_menu_social_links_color":"","ocean_menu_social_hover_links_color":"","ocean_disable_title":"default","ocean_disable_heading":"default","ocean_post_title":"","ocean_post_subheading":"","ocean_post_title_style":"","ocean_post_title_background_color":"","ocean_post_title_background":0,"ocean_post_title_bg_image_position":"","ocean_post_title_bg_image_attachment":"","ocean_post_title_bg_image_repeat":"","ocean_post_title_bg_image_size":"","ocean_post_title_height":0,"ocean_post_title_bg_overlay":0.5,"ocean_post_title_bg_overlay_color":"","ocean_disable_breadcrumbs":"default","ocean_breadcrumbs_color":"","ocean_breadcrumbs_separator_color":"","ocean_breadcrumbs_links_color":"","ocean_breadcrumbs_links_hover_color":"","ocean_display_footer_widgets":"default","ocean_display_footer_bottom":"default","ocean_custom_footer_template":"0"},"product_brand":[],"product_cat":[159],"product_tag":[],"class_list":{"0":"post-5612","1":"product","2":"type-product","3":"status-publish","4":"has-post-thumbnail","6":"product_cat-himalayan-lamps","8":"entry","9":"has-media","11":"first","12":"instock","13":"sale","14":"purchasable","15":"product-type-simple","16":"has-product-nav","17":"col","18":"span_1_of_4","19":"owp-content-center","20":"owp-thumbs-layout-horizontal","21":"owp-btn-normal","22":"owp-tabs-layout-horizontal"},"_links":{"self":[{"href":"https:\/\/esomundo.com\/fr\/wp-json\/wp\/v2\/product\/5612","targetHints":{"allow":["GET"]}}],"collection":[{"href":"https:\/\/esomundo.com\/fr\/wp-json\/wp\/v2\/product"}],"about":[{"href":"https:\/\/esomundo.com\/fr\/wp-json\/wp\/v2\/types\/product"}],"wp:featuredmedia":[{"embeddable":true,"href":"https:\/\/esomundo.com\/fr\/wp-json\/wp\/v2\/media\/5613"}],"wp:attachment":[{"href":"https:\/\/esomundo.com\/fr\/wp-json\/wp\/v2\/media?parent=5612"}],"wp:term":[{"taxonomy":"product_brand","embeddable":true,"href":"https:\/\/esomundo.com\/fr\/wp-json\/wp\/v2\/product_brand?post=5612"},{"taxonomy":"product_cat","embeddable":true,"href":"https:\/\/esomundo.com\/fr\/wp-json\/wp\/v2\/product_cat?post=5612"},{"taxonomy":"product_tag","embeddable":true,"href":"https:\/\/esomundo.com\/fr\/wp-json\/wp\/v2\/product_tag?post=5612"}],"curies":[{"name":"wp","href":"https:\/\/api.w.org\/{rel}","templated":true}]}}