{"id":5617,"date":"2023-05-01T00:08:34","date_gmt":"2023-05-01T00:08:34","guid":{"rendered":"https:\/\/esomundo.com\/product\/heart-shaped-himalayan-salt-lamp\/"},"modified":"2024-10-03T18:17:49","modified_gmt":"2024-10-03T18:17:49","slug":"lampe-a-sel-en-forme-de-coeur-de-lhimalaya","status":"publish","type":"product","link":"https:\/\/esomundo.com\/fr\/produit\/lampe-a-sel-en-forme-de-coeur-de-lhimalaya\/","title":{"rendered":"Lampe de sel de l'Himalaya en forme de coeur"},"content":{"rendered":"<p>Ajoutez un \u00e9l\u00e9ment de paix et de tranquillit\u00e9 \u00e0 votre maison avec cette lampe de sel de l'Himalaya en forme de c\u0153ur.<\/p>\n<p>Fabriqu\u00e9e \u00e0 partir de sel gemme de l'Himalaya, cette lampe a un effet apaisant sur votre environnement et procure une agr\u00e9able lueur naturelle.<\/p>\n<p>Parfaites pour les chambres \u00e0 coucher, les salons et les bureaux, les lampes au sel de l'Himalaya ont des vertus th\u00e9rapeutiques qui permettent de r\u00e9duire le stress, d'augmenter la concentration et de favoriser un meilleur sommeil.<\/p>\n<p>Cadeau id\u00e9al pour toutes les occasions, cette lampe de sel de l'Himalaya en forme de c\u0153ur apportera \u00e0 coup s\u00fbr joie et d\u00e9tente \u00e0 votre maison.<\/p>\n<p>Cette lampe est fabriqu\u00e9e \u00e0 partir de sel gemme naturel de l'Himalaya, connu pour ses propri\u00e9t\u00e9s curatives.<\/p>\n<p>Le sel absorbe l'humidit\u00e9 et purifie l'air, \u00e9liminant les polluants, les allerg\u00e8nes et les odeurs en suspension dans l'air.<\/p>","protected":false},"excerpt":{"rendered":"<p>Lampe de sel de l'Himalaya en forme de coeur, lueur naturelle pour la d\u00e9coration de la maison, purificateur d'air, am\u00e9lioration de la qualit\u00e9 du sommeil et soulagement du stress.<\/p>","protected":false},"featured_media":5618,"template":"","meta":{"ocean_post_layout":"","ocean_both_sidebars_style":"","ocean_both_sidebars_content_width":0,"ocean_both_sidebars_sidebars_width":0,"ocean_sidebar":"0","ocean_second_sidebar":"0","ocean_disable_margins":"enable","ocean_add_body_class":"","ocean_shortcode_before_top_bar":"","ocean_shortcode_after_top_bar":"","ocean_shortcode_before_header":"","ocean_shortcode_after_header":"","ocean_has_shortcode":"","ocean_shortcode_after_title":"","ocean_shortcode_before_footer_widgets":"","ocean_shortcode_after_footer_widgets":"","ocean_shortcode_before_footer_bottom":"","ocean_shortcode_after_footer_bottom":"","ocean_display_top_bar":"default","ocean_display_header":"default","ocean_header_style":"","ocean_center_header_left_menu":"0","ocean_custom_header_template":"0","ocean_custom_logo":0,"ocean_custom_retina_logo":0,"ocean_custom_logo_max_width":0,"ocean_custom_logo_tablet_max_width":0,"ocean_custom_logo_mobile_max_width":0,"ocean_custom_logo_max_height":0,"ocean_custom_logo_tablet_max_height":0,"ocean_custom_logo_mobile_max_height":0,"ocean_header_custom_menu":"0","ocean_menu_typo_font_family":"0","ocean_menu_typo_font_subset":"","ocean_menu_typo_font_size":0,"ocean_menu_typo_font_size_tablet":0,"ocean_menu_typo_font_size_mobile":0,"ocean_menu_typo_font_size_unit":"px","ocean_menu_typo_font_weight":"","ocean_menu_typo_font_weight_tablet":"","ocean_menu_typo_font_weight_mobile":"","ocean_menu_typo_transform":"","ocean_menu_typo_transform_tablet":"","ocean_menu_typo_transform_mobile":"","ocean_menu_typo_line_height":0,"ocean_menu_typo_line_height_tablet":0,"ocean_menu_typo_line_height_mobile":0,"ocean_menu_typo_line_height_unit":"","ocean_menu_typo_spacing":0,"ocean_menu_typo_spacing_tablet":0,"ocean_menu_typo_spacing_mobile":0,"ocean_menu_typo_spacing_unit":"","ocean_menu_link_color":"","ocean_menu_link_color_hover":"","ocean_menu_link_color_active":"","ocean_menu_link_background":"","ocean_menu_link_hover_background":"","ocean_menu_link_active_background":"","ocean_menu_social_links_bg":"","ocean_menu_social_hover_links_bg":"","ocean_menu_social_links_color":"","ocean_menu_social_hover_links_color":"","ocean_disable_title":"default","ocean_disable_heading":"default","ocean_post_title":"","ocean_post_subheading":"","ocean_post_title_style":"","ocean_post_title_background_color":"","ocean_post_title_background":0,"ocean_post_title_bg_image_position":"","ocean_post_title_bg_image_attachment":"","ocean_post_title_bg_image_repeat":"","ocean_post_title_bg_image_size":"","ocean_post_title_height":0,"ocean_post_title_bg_overlay":0.5,"ocean_post_title_bg_overlay_color":"","ocean_disable_breadcrumbs":"default","ocean_breadcrumbs_color":"","ocean_breadcrumbs_separator_color":"","ocean_breadcrumbs_links_color":"","ocean_breadcrumbs_links_hover_color":"","ocean_display_footer_widgets":"default","ocean_display_footer_bottom":"default","ocean_custom_footer_template":"0"},"product_brand":[],"product_cat":[159],"product_tag":[],"class_list":{"0":"post-5617","1":"product","2":"type-product","3":"status-publish","4":"has-post-thumbnail","6":"product_cat-himalayan-lamps","8":"entry","9":"has-media","11":"first","12":"instock","13":"sale","14":"purchasable","15":"product-type-simple","16":"has-product-nav","17":"col","18":"span_1_of_4","19":"owp-content-center","20":"owp-thumbs-layout-horizontal","21":"owp-btn-normal","22":"owp-tabs-layout-horizontal"},"_links":{"self":[{"href":"https:\/\/esomundo.com\/fr\/wp-json\/wp\/v2\/product\/5617","targetHints":{"allow":["GET"]}}],"collection":[{"href":"https:\/\/esomundo.com\/fr\/wp-json\/wp\/v2\/product"}],"about":[{"href":"https:\/\/esomundo.com\/fr\/wp-json\/wp\/v2\/types\/product"}],"wp:featuredmedia":[{"embeddable":true,"href":"https:\/\/esomundo.com\/fr\/wp-json\/wp\/v2\/media\/5618"}],"wp:attachment":[{"href":"https:\/\/esomundo.com\/fr\/wp-json\/wp\/v2\/media?parent=5617"}],"wp:term":[{"taxonomy":"product_brand","embeddable":true,"href":"https:\/\/esomundo.com\/fr\/wp-json\/wp\/v2\/product_brand?post=5617"},{"taxonomy":"product_cat","embeddable":true,"href":"https:\/\/esomundo.com\/fr\/wp-json\/wp\/v2\/product_cat?post=5617"},{"taxonomy":"product_tag","embeddable":true,"href":"https:\/\/esomundo.com\/fr\/wp-json\/wp\/v2\/product_tag?post=5617"}],"curies":[{"name":"wp","href":"https:\/\/api.w.org\/{rel}","templated":true}]}}